{"id":1299,"date":"2024-05-22T09:38:48","date_gmt":"2024-05-22T09:38:48","guid":{"rendered":"https:\/\/aveso.fi\/yhteystieto\/"},"modified":"2026-03-03T11:58:03","modified_gmt":"2026-03-03T11:58:03","slug":"kontaktinformation","status":"publish","type":"page","link":"https:\/\/aveso.fi\/sv\/kontaktinformation\/","title":{"rendered":"Kontaktinformation"},"content":{"rendered":"<section class=\"align wp-block-page-banner blue hexagon \" style=\"\">\n  <div class=\"wrap wrap-large\">\n    <div class=\"background flex has-background\" style=\"background-image: url(https:\/\/aveso.fi\/app\/uploads\/2024\/06\/ifs-timo-web.webp)\">\n      <div class=\"flex-item six content\" style=\"background-image: url()\">\n          <h1>Kontaktinformation<\/h1>\n<p>Vi tar alltid g\u00e4rna emot fr\u00e5gor, erbjudanden och kontaktf\u00f6rfr\u00e5gningar. L\u00e4mna ett meddelande nedan genom att fylla i dina uppgifter i det bifogade formul\u00e4ret. Ber\u00e4tta vad din kontakt handlar om s\u00e5 h\u00f6r vi av oss!<\/p>\n\n                              <div class=\"flex buttons \">\n                                                  <\/div>\n                <\/div>\n              <div class=\"flex-item six image-container\">\n          <div class=\"image hexagon-mask\">\n            <img decoding=\"async\" src=\"https:\/\/aveso.fi\/app\/uploads\/2024\/05\/8eda88ada4a0c66841d812a95a869d41-1-768x576.png\" >\n          <\/div>\n        <\/div>\n          <\/div>\n  <\/div>\n<\/section>\n\n\n<section class=\"align wp-block-contact-form\">\n    <div class=\"wrap wrap-large\">\n        <div class=\"content\">\n            <div class=\"text\">\n                <div class=\"textcontainer\">\n                    <h2> Hur kan vi hj\u00e4lpa? <\/h2>\n                    <div>\n                        <p id=\"tw-target-text\" class=\"tw-data-text tw-text-large tw-ta\" dir=\"ltr\" data-placeholder=\"K\u00e4\u00e4nn\u00f6s\" aria-label=\"K\u00e4\u00e4nnetty teksti\" data-ved=\"2ahUKEwjHzpv3gfSGAxV6PhAIHTf7DXwQ3ewLegQIDBAU\"><span class=\"Y2IQFc\" lang=\"sv\">L\u00e4mna en kontaktf\u00f6rfr\u00e5gan genom att fylla i dina uppgifter i bifogat formul\u00e4r. Om du vill kan du skriva i meddelandef\u00e4ltet vad din kontakt handlar om. Vi kommer att kontakta dig s\u00e5 snart som m\u00f6jligt!<\/span><\/p>\n\n                    <\/div>\n\n                    <div class=\"contact-information\">\n                                            <div>\n                            <a href=\"mailto:info@aveso.fi\">\n                                <span class=\"icon\">\n                                    <i class=\"fa-solid fa-envelope\"><\/i>\n                                <\/span>\n                                info@aveso.fi\n                            <\/a>\n                        <\/div>\n                                <\/div>\n                <\/div>\n            <\/div>\n            <p class=\"wpcf7-contact-form-not-found\"><strong>Error:<\/strong> Contact form not found.<\/p>\n        <\/div>\n    <\/div>\n<\/section>\n","protected":false},"excerpt":{"rendered":"","protected":false},"author":1,"featured_media":431,"parent":0,"menu_order":0,"comment_status":"closed","ping_status":"closed","template":"template-contact.blade.php","meta":{"_acf_changed":false,"footnotes":""},"class_list":["post-1299","page","type-page","status-publish","has-post-thumbnail","hentry"],"acf":[],"yoast_head":"<!-- This site is optimized with the Yoast SEO plugin v27.5 - https:\/\/yoast.com\/product\/yoast-seo-wordpress\/ -->\n<title>Kontaktinformation - Aveso Oy<\/title>\n<meta name=\"robots\" content=\"noindex, nofollow\" \/>\n<meta property=\"og:locale\" content=\"sv_SE\" \/>\n<meta property=\"og:type\" content=\"article\" \/>\n<meta property=\"og:title\" content=\"Kontaktinformation - Aveso Oy\" \/>\n<meta property=\"og:url\" content=\"https:\/\/aveso.fi\/sv\/kontaktinformation\/\" \/>\n<meta property=\"og:site_name\" content=\"Aveso Oy\" \/>\n<meta property=\"article:modified_time\" content=\"2026-03-03T11:58:03+00:00\" \/>\n<meta property=\"og:image\" content=\"https:\/\/aveso.fi\/app\/uploads\/2024\/05\/8eda88ada4a0c66841d812a95a869d41-1-1024x768.png\" \/>\n\t<meta property=\"og:image:width\" content=\"1024\" \/>\n\t<meta property=\"og:image:height\" content=\"768\" \/>\n\t<meta property=\"og:image:type\" content=\"image\/png\" \/>\n<meta name=\"twitter:card\" content=\"summary_large_image\" \/>\n<meta name=\"twitter:label1\" content=\"Est. reading time\" \/>\n\t<meta name=\"twitter:data1\" content=\"1 minute\" \/>\n<script type=\"application\/ld+json\" class=\"yoast-schema-graph\">{\"@context\":\"https:\\\/\\\/schema.org\",\"@graph\":[{\"@type\":\"WebPage\",\"@id\":\"https:\\\/\\\/aveso.fi\\\/sv\\\/kontaktinformation\\\/\",\"url\":\"https:\\\/\\\/aveso.fi\\\/sv\\\/kontaktinformation\\\/\",\"name\":\"Kontaktinformation - Aveso Oy\",\"isPartOf\":{\"@id\":\"https:\\\/\\\/aveso.fi\\\/sv\\\/#website\"},\"primaryImageOfPage\":{\"@id\":\"https:\\\/\\\/aveso.fi\\\/sv\\\/kontaktinformation\\\/#primaryimage\"},\"image\":{\"@id\":\"https:\\\/\\\/aveso.fi\\\/sv\\\/kontaktinformation\\\/#primaryimage\"},\"thumbnailUrl\":\"https:\\\/\\\/aveso.fi\\\/app\\\/uploads\\\/2024\\\/05\\\/8eda88ada4a0c66841d812a95a869d41-1.png\",\"datePublished\":\"2024-05-22T09:38:48+00:00\",\"dateModified\":\"2026-03-03T11:58:03+00:00\",\"breadcrumb\":{\"@id\":\"https:\\\/\\\/aveso.fi\\\/sv\\\/kontaktinformation\\\/#breadcrumb\"},\"inLanguage\":\"sv-SE\",\"potentialAction\":[{\"@type\":\"ReadAction\",\"target\":[\"https:\\\/\\\/aveso.fi\\\/sv\\\/kontaktinformation\\\/\"]}]},{\"@type\":\"ImageObject\",\"inLanguage\":\"sv-SE\",\"@id\":\"https:\\\/\\\/aveso.fi\\\/sv\\\/kontaktinformation\\\/#primaryimage\",\"url\":\"https:\\\/\\\/aveso.fi\\\/app\\\/uploads\\\/2024\\\/05\\\/8eda88ada4a0c66841d812a95a869d41-1.png\",\"contentUrl\":\"https:\\\/\\\/aveso.fi\\\/app\\\/uploads\\\/2024\\\/05\\\/8eda88ada4a0c66841d812a95a869d41-1.png\",\"width\":2048,\"height\":1536,\"caption\":\"Aveso st\u00e4ndill\u00e4\"},{\"@type\":\"BreadcrumbList\",\"@id\":\"https:\\\/\\\/aveso.fi\\\/sv\\\/kontaktinformation\\\/#breadcrumb\",\"itemListElement\":[{\"@type\":\"ListItem\",\"position\":1,\"name\":\"Etusivu\",\"item\":\"https:\\\/\\\/aveso.fi\\\/sv\\\/framsida\\\/\"},{\"@type\":\"ListItem\",\"position\":2,\"name\":\"Kontaktinformation\"}]},{\"@type\":\"WebSite\",\"@id\":\"https:\\\/\\\/aveso.fi\\\/sv\\\/#website\",\"url\":\"https:\\\/\\\/aveso.fi\\\/sv\\\/\",\"name\":\"Aveso Oy\",\"description\":\"ERP-j\u00e4rjestelm\u00e4t, integraatiot ja tiedonhallintaratkaisut datavetoisille yrityksille\",\"publisher\":{\"@id\":\"https:\\\/\\\/aveso.fi\\\/sv\\\/#organization\"},\"potentialAction\":[{\"@type\":\"SearchAction\",\"target\":{\"@type\":\"EntryPoint\",\"urlTemplate\":\"https:\\\/\\\/aveso.fi\\\/sv\\\/?s={search_term_string}\"},\"query-input\":{\"@type\":\"PropertyValueSpecification\",\"valueRequired\":true,\"valueName\":\"search_term_string\"}}],\"inLanguage\":\"sv-SE\"},{\"@type\":\"Organization\",\"@id\":\"https:\\\/\\\/aveso.fi\\\/sv\\\/#organization\",\"name\":\"Aveso Oy\",\"url\":\"https:\\\/\\\/aveso.fi\\\/sv\\\/\",\"logo\":{\"@type\":\"ImageObject\",\"inLanguage\":\"sv-SE\",\"@id\":\"https:\\\/\\\/aveso.fi\\\/sv\\\/#\\\/schema\\\/logo\\\/image\\\/\",\"url\":\"https:\\\/\\\/aveso.fi\\\/app\\\/uploads\\\/2024\\\/05\\\/aveso-logo.png\",\"contentUrl\":\"https:\\\/\\\/aveso.fi\\\/app\\\/uploads\\\/2024\\\/05\\\/aveso-logo.png\",\"width\":1632,\"height\":552,\"caption\":\"Aveso Oy\"},\"image\":{\"@id\":\"https:\\\/\\\/aveso.fi\\\/sv\\\/#\\\/schema\\\/logo\\\/image\\\/\"},\"sameAs\":[\"https:\\\/\\\/www.linkedin.com\\\/company\\\/aveso-oy\\\/\"]}]}<\/script>\n<!-- \/ Yoast SEO plugin. -->","yoast_head_json":{"title":"Kontaktinformation - Aveso Oy","robots":{"index":"noindex","follow":"nofollow"},"og_locale":"sv_SE","og_type":"article","og_title":"Kontaktinformation - Aveso Oy","og_url":"https:\/\/aveso.fi\/sv\/kontaktinformation\/","og_site_name":"Aveso Oy","article_modified_time":"2026-03-03T11:58:03+00:00","og_image":[{"width":1024,"height":768,"url":"https:\/\/aveso.fi\/app\/uploads\/2024\/05\/8eda88ada4a0c66841d812a95a869d41-1-1024x768.png","type":"image\/png"}],"twitter_card":"summary_large_image","twitter_misc":{"Est. reading time":"1 minute"},"schema":{"@context":"https:\/\/schema.org","@graph":[{"@type":"WebPage","@id":"https:\/\/aveso.fi\/sv\/kontaktinformation\/","url":"https:\/\/aveso.fi\/sv\/kontaktinformation\/","name":"Kontaktinformation - Aveso Oy","isPartOf":{"@id":"https:\/\/aveso.fi\/sv\/#website"},"primaryImageOfPage":{"@id":"https:\/\/aveso.fi\/sv\/kontaktinformation\/#primaryimage"},"image":{"@id":"https:\/\/aveso.fi\/sv\/kontaktinformation\/#primaryimage"},"thumbnailUrl":"https:\/\/aveso.fi\/app\/uploads\/2024\/05\/8eda88ada4a0c66841d812a95a869d41-1.png","datePublished":"2024-05-22T09:38:48+00:00","dateModified":"2026-03-03T11:58:03+00:00","breadcrumb":{"@id":"https:\/\/aveso.fi\/sv\/kontaktinformation\/#breadcrumb"},"inLanguage":"sv-SE","potentialAction":[{"@type":"ReadAction","target":["https:\/\/aveso.fi\/sv\/kontaktinformation\/"]}]},{"@type":"ImageObject","inLanguage":"sv-SE","@id":"https:\/\/aveso.fi\/sv\/kontaktinformation\/#primaryimage","url":"https:\/\/aveso.fi\/app\/uploads\/2024\/05\/8eda88ada4a0c66841d812a95a869d41-1.png","contentUrl":"https:\/\/aveso.fi\/app\/uploads\/2024\/05\/8eda88ada4a0c66841d812a95a869d41-1.png","width":2048,"height":1536,"caption":"Aveso st\u00e4ndill\u00e4"},{"@type":"BreadcrumbList","@id":"https:\/\/aveso.fi\/sv\/kontaktinformation\/#breadcrumb","itemListElement":[{"@type":"ListItem","position":1,"name":"Etusivu","item":"https:\/\/aveso.fi\/sv\/framsida\/"},{"@type":"ListItem","position":2,"name":"Kontaktinformation"}]},{"@type":"WebSite","@id":"https:\/\/aveso.fi\/sv\/#website","url":"https:\/\/aveso.fi\/sv\/","name":"Aveso Oy","description":"ERP-j\u00e4rjestelm\u00e4t, integraatiot ja tiedonhallintaratkaisut datavetoisille yrityksille","publisher":{"@id":"https:\/\/aveso.fi\/sv\/#organization"},"potentialAction":[{"@type":"SearchAction","target":{"@type":"EntryPoint","urlTemplate":"https:\/\/aveso.fi\/sv\/?s={search_term_string}"},"query-input":{"@type":"PropertyValueSpecification","valueRequired":true,"valueName":"search_term_string"}}],"inLanguage":"sv-SE"},{"@type":"Organization","@id":"https:\/\/aveso.fi\/sv\/#organization","name":"Aveso Oy","url":"https:\/\/aveso.fi\/sv\/","logo":{"@type":"ImageObject","inLanguage":"sv-SE","@id":"https:\/\/aveso.fi\/sv\/#\/schema\/logo\/image\/","url":"https:\/\/aveso.fi\/app\/uploads\/2024\/05\/aveso-logo.png","contentUrl":"https:\/\/aveso.fi\/app\/uploads\/2024\/05\/aveso-logo.png","width":1632,"height":552,"caption":"Aveso Oy"},"image":{"@id":"https:\/\/aveso.fi\/sv\/#\/schema\/logo\/image\/"},"sameAs":["https:\/\/www.linkedin.com\/company\/aveso-oy\/"]}]}},"_links":{"self":[{"href":"https:\/\/aveso.fi\/sv\/wp-json\/wp\/v2\/pages\/1299","targetHints":{"allow":["GET"]}}],"collection":[{"href":"https:\/\/aveso.fi\/sv\/wp-json\/wp\/v2\/pages"}],"about":[{"href":"https:\/\/aveso.fi\/sv\/wp-json\/wp\/v2\/types\/page"}],"author":[{"embeddable":true,"href":"https:\/\/aveso.fi\/sv\/wp-json\/wp\/v2\/users\/1"}],"replies":[{"embeddable":true,"href":"https:\/\/aveso.fi\/sv\/wp-json\/wp\/v2\/comments?post=1299"}],"version-history":[{"count":4,"href":"https:\/\/aveso.fi\/sv\/wp-json\/wp\/v2\/pages\/1299\/revisions"}],"predecessor-version":[{"id":1567,"href":"https:\/\/aveso.fi\/sv\/wp-json\/wp\/v2\/pages\/1299\/revisions\/1567"}],"wp:featuredmedia":[{"embeddable":true,"href":"https:\/\/aveso.fi\/sv\/wp-json\/wp\/v2\/media\/431"}],"wp:attachment":[{"href":"https:\/\/aveso.fi\/sv\/wp-json\/wp\/v2\/media?parent=1299"}],"curies":[{"name":"wp","href":"https:\/\/api.w.org\/{rel}","templated":true}]}}