{"id":1534,"date":"2024-06-11T07:13:21","date_gmt":"2024-06-11T07:13:21","guid":{"rendered":"https:\/\/aveso.fi\/?page_id=1534"},"modified":"2026-03-03T11:58:24","modified_gmt":"2026-03-03T11:58:24","slug":"om-aveso","status":"publish","type":"page","link":"https:\/\/aveso.fi\/sv\/om-aveso\/","title":{"rendered":"Om Aveso"},"content":{"rendered":"<section class=\"align wp-block-page-banner blue hexagon \" style=\"\">\n  <div class=\"wrap wrap-large\">\n    <div class=\"background flex has-background\" style=\"background-image: url(https:\/\/aveso.fi\/app\/uploads\/2024\/06\/IMG_2730-1024x768.webp)\">\n      <div class=\"flex-item six content\" style=\"background-image: url()\">\n          <h1>Om Aveso<\/h1>\n<p>Vi \u00e4r ett privat\u00e4gt finskt tillv\u00e4xtf\u00f6retag som grundades 2014. V\u00e5rt k\u00e4rnverksamhet fokuserar p\u00e5 IFS-system, datastyrningsl\u00f6sningar och systemintegrationer. V\u00e5rt huvudkontor ligger i \u00c5bo, men n\u00e5gra av v\u00e5ra medarbetare arbetar \u00e4ven fr\u00e5n Tammerfors, Esbo och Helsingfors. Just nu syssels\u00e4tter Aveso 35 professionella medarbetare som arbetar inom olika roller relaterade till datastyrning, integrationer och IFS ERP-system.<\/p>\n\n                              <div class=\"flex buttons \">\n                                              <a \n    class=\"button blue outline \" \n    href=\"https:\/\/aveso.fi\/sv\/kontaktinformation\/\"\n     \n>\n    <span>\n        Kontakta Oss\n    <\/span>\n<\/a>                                                              <a \n    class=\"button blue outline \" \n    href=\"https:\/\/aveso.fi\/sv\/om-aveso\/lediga-tjanster\/\"\n     \n>\n    <span>\n        Lediga tj\u00e4nster\n    <\/span>\n<\/a>                                                              <a \n    class=\"button blue outline \" \n    href=\"https:\/\/aveso.fi\/sv\/om-aveso\/karriar-pa-aveso\/\"\n     \n>\n    <span>\n        Karri\u00e4r p\u00e5 Aveso\n    <\/span>\n<\/a>                                      <\/div>\n                <\/div>\n              <div class=\"flex-item six image-container\">\n          <div class=\"image hexagon-mask\">\n            <img decoding=\"async\" src=\"https:\/\/aveso.fi\/app\/uploads\/2024\/05\/8eda88ada4a0c66841d812a95a869d41-1-768x576.png\" >\n          <\/div>\n        <\/div>\n          <\/div>\n  <\/div>\n<\/section>\n\n\n<section class=\"align wp-block-text-block\" style=\"\">\n  <div class=\"wrap wrap-small one-child flex elements\">\n          \n      \n      \n              <div class=\"flex-item six content\">\n          <h2>V\u00e5r vision<\/h2>\n<p>V\u00e5r vision \u00e4r att vara en komplett utvecklings- och tj\u00e4nsteleverant\u00f6r f\u00f6r v\u00e5ra IFS-kunder samt en l\u00f6sningsleverant\u00f6r inom integrations, datadrivet beslutsfattande och datastyrningsprojekt. V\u00e5rt m\u00e5l \u00e4r att forts\u00e4tta v\u00e5r stabila tillv\u00e4xt och betj\u00e4na v\u00e5ra kunder p\u00e5 ett alltmer helhetsperspektiv.<\/p>\n\n                  <\/div>\n            <\/div>\n<\/section>\n\n\n<section class=\"align wp-block-company-numbers\" style=\"\">\n  <div class=\"wrap wrap-small\">\n    <h3 style=\"text-align: center;\">Om Aveso:<\/h3>\n\n          <div class=\"flex numbers\">\n                <div class=\"flex-item four block-container\">\n        <div class=\"number-block blue\">\n          <h3 class=\"number\">\n            35\n          <\/h3>\n          <div class=\"text\">\n            <p>\n              Jobb\n            <\/p>\n          <\/div>\n        <\/div>\n        <\/div>\n                <div class=\"flex-item four block-container\">\n        <div class=\"number-block dark-blue\">\n          <h3 class=\"number\">\n            2014\n          <\/h3>\n          <div class=\"text\">\n            <p>\n              Grundades\n            <\/p>\n          <\/div>\n        <\/div>\n        <\/div>\n                <div class=\"flex-item four block-container\">\n        <div class=\"number-block light-blue\">\n          <h3 class=\"number\">\n            +40\n          <\/h3>\n          <div class=\"text\">\n            <p>\n              Kunder\n            <\/p>\n          <\/div>\n        <\/div>\n        <\/div>\n              <\/div>\n      <\/div>\n<\/section>\n\n\n<section class=\"align wp-block-service-cards\" style=\"\">\n  <div class=\"wrap wrap-large flex container\">\n    <div class=\"flex-item five content\">\n      <div class=\"flex-shrink-0 flex flex-col relative items-end\">\n<div>\n<div class=\"pt-0\">\n<div class=\"gizmo-bot-avatar flex h-8 w-8 items-center justify-center overflow-hidden rounded-full\">\n<h2 class=\"relative p-1 rounded-sm flex items-center justify-center bg-token-main-surface-primary text-token-text-primary h-8 w-8\">Vad vi g\u00f6r<\/h2>\n<\/div>\n<\/div>\n<\/div>\n<\/div>\n<div class=\"group\/conversation-turn relative flex w-full min-w-0 flex-col agent-turn\">\n<div class=\"flex-col gap-1 md:gap-3\">\n<div class=\"flex max-w-full flex-col flex-grow\">\n<div class=\"min-h-8 text-message flex w-full flex-col items-end gap-2 whitespace-normal break-words text-start [.text-message+&amp;]:mt-5\" dir=\"auto\" data-message-author-role=\"assistant\" data-message-id=\"b51b9b24-bf03-473a-86f8-e15b1b87339f\" data-message-model-slug=\"gpt-4o-mini\">\n<div class=\"flex w-full flex-col gap-1 empty:hidden first:pt-[3px]\">\n<div class=\"markdown prose w-full break-words dark:prose-invert light\">\n<p>Vi fungerar som v\u00e5ra kunders partner inom datastyrningstj\u00e4nster, systemintegrationer och IFS-systemimplementation\/utveckling, och erbjuder experttj\u00e4nster samt relaterade l\u00f6sningar.<\/p>\n<\/div>\n<\/div>\n<\/div>\n<\/div>\n<\/div>\n<\/div>\n\n    <\/div>\n    <div class=\"flex-item seven service-cards flex\">\n                          <div class=\"flex-item six service-card purple\">\n              <div class=\"top flex\">\n                <h3>IFS ERP &#8211; IFS Cloud\u2122<\/h3>\n                                  <div class=\"image icon\">\n                    <img decoding=\"async\" src=\"https:\/\/aveso.fi\/app\/uploads\/2024\/05\/95e987be5e41a2be00b69e404974636a-1.png\" alt=\"\">\n                  <\/div>\n                              <\/div>\n              <div class=\"ingress\">Vi \u00e4r en auktoriserad \u00e5terf\u00f6rs\u00e4ljare och implementeringspartner f\u00f6r IFS Cloud\u2122.<\/div>\n              <div class=\"content\">Vi erbjuder omfattande tj\u00e4nster genom hela livscykeln f\u00f6r IFS ERP-system, fr\u00e5n initial analys och planering till utveckling, utbildning samt kontinuerligt st\u00f6d och underh\u00e5ll.<\/div>\n                            <div class=\"links flex\">\n                                                            <a class=\"link arrow\" href=\"https:\/\/aveso.fi\/sv\/palvelut\/ifs-erp\/\">IFS ERP<\/a>\n                                                  <\/div>\n                          <\/div>\n                    <div class=\"flex-item six service-card blue\">\n              <div class=\"top flex\">\n                <h3>Datahantering<\/h3>\n                              <\/div>\n              <div class=\"ingress\">Led med data \u2013 H\u00e4mta maximal v\u00e4rde fr\u00e5n din data.<\/div>\n              <div class=\"content\">Vi fungerar som v\u00e5ra kunders kompletta partner inom datastyrning. V\u00e5r omfattande erfarenhet och de b\u00e4sta teknologierna inom f\u00e4ltet s\u00e4kerst\u00e4ller att du drar maximal nytta av din data.<\/div>\n                            <div class=\"links flex\">\n                                                            <a class=\"link arrow\" href=\"https:\/\/aveso.fi\/sv\/palvelut\/datahantering\/\">Datahantering<\/a>\n                                                  <\/div>\n                          <\/div>\n                    <div class=\"flex-item six service-card blue\">\n              <div class=\"top flex\">\n                <h3>Integrationer<\/h3>\n                              <\/div>\n              <div class=\"ingress\"> Smidiga systemintegrationer \u00e4r avg\u00f6rande f\u00f6r att digitalisera aff\u00e4rsprocesser.<\/div>\n              <div class=\"content\">Vid systemintegrationer ser vi till att informationen flyter smidigt mellan olika system, vilket s\u00e4kerst\u00e4ller datakonsistens och en enkel \u00f6verf\u00f6ring mellan f\u00f6retagets system och organisationer.<\/div>\n                            <div class=\"links flex\">\n                                                            <a class=\"link arrow\" href=\"https:\/\/aveso.fi\/sv\/palvelut\/systemintegrationer\/\">Systemintegrationer<\/a>\n                                                  <\/div>\n                          <\/div>\n                  <\/div>\n  <\/div>\n<\/section>\n\n\n<section class=\"align wp-block-three-columns\" style=\"\">\n  <div class=\"wrap\">\n    <h2>Vem vi arbetar med? De vanligaste branscherna v\u00e5ra kunder verkar inom:<\/h2>\n          <div class=\"flex columns\">\n                  <div class=\"flex-item four column\">\n                        <h3>Tillverkning<\/h3>\n            <div class=\"content\">\n              \n            <\/div>\n          <\/div>\n                  <div class=\"flex-item four column\">\n                        <h3>Energi<\/h3>\n            <div class=\"content\">\n              \n            <\/div>\n          <\/div>\n                  <div class=\"flex-item four column\">\n                        <h3>Byggindustrin<\/h3>\n            <div class=\"content\">\n              \n            <\/div>\n          <\/div>\n                  <div class=\"flex-item four column\">\n                        <h3>Flyg<\/h3>\n            <div class=\"content\">\n              \n            <\/div>\n          <\/div>\n                  <div class=\"flex-item four column\">\n                        <h3>Tj\u00e4nstesektorn<\/h3>\n            <div class=\"content\">\n              \n            <\/div>\n          <\/div>\n                  <div class=\"flex-item four column\">\n                        <h3>Telekommunikation<\/h3>\n            <div class=\"content\">\n              \n            <\/div>\n          <\/div>\n              <\/div>\n            <div class=\"flex buttons\">\n                            <\/div>\n    <\/div>\n<\/section>\n\n\n<section class=\"align wp-block-logo-carousel\">\n    <div class=\"wrap wrap-small\">\n        <h2> N\u00e5gra av v\u00e5ra kunder: <\/h2>\n        <div class=\"content\">\n            \n        <\/div>\n                    <a href=\"https:\/\/aveso.fi\/referenssit\/asiakastarinat\/referenssi\/referenssi\/\"> L\u00e4s mer om v\u00e5ra referenser <i class=\"fa-solid fa-arrow-right\"><\/i> <\/a>\n        \n            <div class=\"container\">\n        <div class=\"flex visible\">\n                    <div class=\"flex-item fifth\">\n                <div class=\"logocontainer\">\n                    <div class=\"image \">\n                            <img decoding=\"async\" src=\"https:\/\/aveso.fi\/app\/uploads\/2024\/05\/logo-finnair.gif\" alt=\"\" >\n            <\/div>\n                <\/div>\n            <\/div>\n                    <div class=\"flex-item fifth\">\n                <div class=\"logocontainer\">\n                    <div class=\"image \">\n                            <img decoding=\"async\" src=\"https:\/\/aveso.fi\/app\/uploads\/2024\/05\/logo-if.gif\" alt=\"\" >\n            <\/div>\n                <\/div>\n            <\/div>\n                    <div class=\"flex-item fifth\">\n                <div class=\"logocontainer\">\n                    <div class=\"image \">\n                            <img decoding=\"async\" src=\"https:\/\/aveso.fi\/app\/uploads\/2024\/05\/ve-logo-scaled.jpg\" alt=\"\" >\n            <\/div>\n                <\/div>\n            <\/div>\n                    <div class=\"flex-item fifth\">\n                <div class=\"logocontainer\">\n                    <div class=\"image \">\n                            <img decoding=\"async\" src=\"https:\/\/aveso.fi\/app\/uploads\/2024\/05\/logo-junttan-min.png\" alt=\"\" >\n            <\/div>\n                <\/div>\n            <\/div>\n                    <div class=\"flex-item fifth\">\n                <div class=\"logocontainer\">\n                    <div class=\"image \">\n                            <img decoding=\"async\" src=\"https:\/\/aveso.fi\/app\/uploads\/2024\/05\/thumbnail_Lappset_300ppi.png\" alt=\"\" >\n            <\/div>\n                <\/div>\n            <\/div>\n                    <div class=\"flex-item fifth\">\n                <div class=\"logocontainer\">\n                    <div class=\"image \">\n                            <img decoding=\"async\" src=\"https:\/\/aveso.fi\/app\/uploads\/2024\/05\/pori-energia-logo.png\" alt=\"\" >\n            <\/div>\n                <\/div>\n            <\/div>\n                    <div class=\"flex-item fifth\">\n                <div class=\"logocontainer\">\n                    <div class=\"image \">\n                            <img decoding=\"async\" src=\"https:\/\/aveso.fi\/app\/uploads\/2024\/05\/logo-nokian-tyres.png\" alt=\"\" >\n            <\/div>\n                <\/div>\n            <\/div>\n                    <div class=\"flex-item fifth\">\n                <div class=\"logocontainer\">\n                    <div class=\"image \">\n                            <img decoding=\"async\" src=\"https:\/\/aveso.fi\/app\/uploads\/2024\/05\/logo-polarteknik.png\" alt=\"\" >\n            <\/div>\n                <\/div>\n            <\/div>\n                    <div class=\"flex-item fifth\">\n                <div class=\"logocontainer\">\n                    <div class=\"image \">\n                            <img decoding=\"async\" src=\"https:\/\/aveso.fi\/app\/uploads\/2024\/05\/hartela-logo.png\" alt=\"\" >\n            <\/div>\n                <\/div>\n            <\/div>\n                    <div class=\"flex-item fifth\">\n                <div class=\"logocontainer\">\n                    <div class=\"image \">\n                            <img decoding=\"async\" src=\"https:\/\/aveso.fi\/app\/uploads\/2024\/05\/elecster-weblogo-min.png\" alt=\"\" >\n            <\/div>\n                <\/div>\n            <\/div>\n                <\/div>\n            <\/div>\n<\/section>\n\n\n<section class=\"align wp-block-text-block\" style=\"\">\n  <div class=\"wrap  flex elements\">\n          \n      \n      \n              <div class=\"flex-item six content\">\n          <h2>Uppt\u00e4ck vad det inneb\u00e4r att vara en av oss<\/h2>\n<p>Att g\u00e5 med i Aveso betyder att du blir en del av ett dynamiskt, tillv\u00e4xtorienterat finskt f\u00f6retag som specialiserar sig p\u00e5 IFS-system, datastyrningsl\u00f6sningar och systemintegrationer. V\u00e5r personal trivs i en professionell men avslappnad milj\u00f6 d\u00e4r kontinuerligt l\u00e4rande och utveckling uppmuntras. Aveso erbjuder m\u00f6jligheter att arbeta med varierande projekt inom datadrivna l\u00f6sningar och ERP-system. Utforska karri\u00e4rm\u00f6jligheter hos oss och ge dig ut p\u00e5 en givande resa med Aveso!<\/p>\n\n                    <div class=\"has-btn \">\n            <a \n    class=\"button  outline \" \n    href=\"https:\/\/aveso.fi\/sv\/om-aveso\/lediga-tjanster\/\"\n     \n>\n    <span>\n        Lediga tj\u00e4nster\n    <\/span>\n<\/a>          <\/div>\n                  <\/div>\n                \n              <div class=\"flex-item six image-container blue_hexagon\">\n                      <div class=\"image border-radius original\">\n            <img decoding=\"async\" src=\"https:\/\/aveso.fi\/app\/uploads\/2024\/06\/team-aveso2.webp\" alt=\"\">\n          <\/div>\n                    <\/div>\n      \n      \n            <\/div>\n<\/section>\n\n\n<section class=\"align wp-block-text-block\" style=\"\">\n  <div class=\"wrap  flex elements\">\n          \n              <div class=\"flex-item six image-container blue_hexagon\">\n                      <div class=\"image border-radius original\">\n            <img decoding=\"async\" src=\"https:\/\/aveso.fi\/app\/uploads\/2024\/06\/vesa-julius-fanni-web.webp\" alt=\"\">\n          <\/div>\n                    <\/div>\n      \n      \n                \n      \n      \n              <div class=\"flex-item six content\">\n          <h2>Utforska v\u00e5ra lediga jobb<\/h2>\n<p>V\u00e5r verksamhet v\u00e4xer, och vi s\u00f6ker nya medlemmar till Aveso-teamet. Utforska v\u00e5ra lediga positioner nu.<\/p>\n\n                    <div class=\"has-btn \">\n            <a \n    class=\"button  outline \" \n    href=\"https:\/\/aveso.fi\/sv\/om-aveso\/\"\n     \n>\n    <span>\n        Om Aveso\n    <\/span>\n<\/a>          <\/div>\n                  <\/div>\n            <\/div>\n<\/section>\n\n\n<section class=\"align wp-block-contact-form\">\n    <div class=\"wrap wrap-large\">\n        <div class=\"content\">\n            <div class=\"text\">\n                <div class=\"textcontainer\">\n                    <h2> Kontakta Oss <\/h2>\n                    <div>\n                        <p>Kontakta oss via kontaktformul\u00e4ret eller genom att maila oss p\u00e5 nedanst\u00e5ende e-postadress.<\/p>\n\n                    <\/div>\n\n                    <div class=\"contact-information\">\n                                            <div>\n                            <a href=\"mailto:info@aveso.fi\">\n                                <span class=\"icon\">\n                                    <i class=\"fa-solid fa-envelope\"><\/i>\n                                <\/span>\n                                info@aveso.fi\n                            <\/a>\n                        <\/div>\n                                <\/div>\n                <\/div>\n            <\/div>\n            <p class=\"wpcf7-contact-form-not-found\"><strong>Error:<\/strong> Contact form not found.<\/p>\n        <\/div>\n    <\/div>\n<\/section>\n","protected":false},"excerpt":{"rendered":"","protected":false},"author":4,"featured_media":431,"parent":0,"menu_order":0,"comment_status":"closed","ping_status":"closed","template":"","meta":{"_acf_changed":false,"footnotes":""},"class_list":["post-1534","page","type-page","status-publish","has-post-thumbnail","hentry"],"acf":[],"yoast_head":"<!-- This site is optimized with the Yoast SEO plugin v27.5 - https:\/\/yoast.com\/product\/yoast-seo-wordpress\/ -->\n<title>Om Aveso - Aveso Oy<\/title>\n<meta name=\"robots\" content=\"noindex, nofollow\" \/>\n<meta property=\"og:locale\" content=\"sv_SE\" \/>\n<meta property=\"og:type\" content=\"article\" \/>\n<meta property=\"og:title\" content=\"Om Aveso - Aveso Oy\" \/>\n<meta property=\"og:url\" content=\"https:\/\/aveso.fi\/sv\/om-aveso\/\" \/>\n<meta property=\"og:site_name\" content=\"Aveso Oy\" \/>\n<meta property=\"article:modified_time\" content=\"2026-03-03T11:58:24+00:00\" \/>\n<meta property=\"og:image\" content=\"https:\/\/aveso.fi\/app\/uploads\/2024\/05\/8eda88ada4a0c66841d812a95a869d41-1-1024x768.png\" \/>\n\t<meta property=\"og:image:width\" content=\"1024\" \/>\n\t<meta property=\"og:image:height\" content=\"768\" \/>\n\t<meta property=\"og:image:type\" content=\"image\/png\" \/>\n<meta name=\"twitter:card\" content=\"summary_large_image\" \/>\n<meta name=\"twitter:label1\" content=\"Est. reading time\" \/>\n\t<meta name=\"twitter:data1\" content=\"1 minute\" \/>\n<script type=\"application\/ld+json\" class=\"yoast-schema-graph\">{\"@context\":\"https:\\\/\\\/schema.org\",\"@graph\":[{\"@type\":\"WebPage\",\"@id\":\"https:\\\/\\\/aveso.fi\\\/sv\\\/om-aveso\\\/\",\"url\":\"https:\\\/\\\/aveso.fi\\\/sv\\\/om-aveso\\\/\",\"name\":\"Om Aveso - Aveso Oy\",\"isPartOf\":{\"@id\":\"https:\\\/\\\/aveso.fi\\\/sv\\\/#website\"},\"primaryImageOfPage\":{\"@id\":\"https:\\\/\\\/aveso.fi\\\/sv\\\/om-aveso\\\/#primaryimage\"},\"image\":{\"@id\":\"https:\\\/\\\/aveso.fi\\\/sv\\\/om-aveso\\\/#primaryimage\"},\"thumbnailUrl\":\"https:\\\/\\\/aveso.fi\\\/app\\\/uploads\\\/2024\\\/05\\\/8eda88ada4a0c66841d812a95a869d41-1.png\",\"datePublished\":\"2024-06-11T07:13:21+00:00\",\"dateModified\":\"2026-03-03T11:58:24+00:00\",\"breadcrumb\":{\"@id\":\"https:\\\/\\\/aveso.fi\\\/sv\\\/om-aveso\\\/#breadcrumb\"},\"inLanguage\":\"sv-SE\",\"potentialAction\":[{\"@type\":\"ReadAction\",\"target\":[\"https:\\\/\\\/aveso.fi\\\/sv\\\/om-aveso\\\/\"]}]},{\"@type\":\"ImageObject\",\"inLanguage\":\"sv-SE\",\"@id\":\"https:\\\/\\\/aveso.fi\\\/sv\\\/om-aveso\\\/#primaryimage\",\"url\":\"https:\\\/\\\/aveso.fi\\\/app\\\/uploads\\\/2024\\\/05\\\/8eda88ada4a0c66841d812a95a869d41-1.png\",\"contentUrl\":\"https:\\\/\\\/aveso.fi\\\/app\\\/uploads\\\/2024\\\/05\\\/8eda88ada4a0c66841d812a95a869d41-1.png\",\"width\":2048,\"height\":1536,\"caption\":\"Aveso st\u00e4ndill\u00e4\"},{\"@type\":\"BreadcrumbList\",\"@id\":\"https:\\\/\\\/aveso.fi\\\/sv\\\/om-aveso\\\/#breadcrumb\",\"itemListElement\":[{\"@type\":\"ListItem\",\"position\":1,\"name\":\"Etusivu\",\"item\":\"https:\\\/\\\/aveso.fi\\\/sv\\\/framsida\\\/\"},{\"@type\":\"ListItem\",\"position\":2,\"name\":\"Om Aveso\"}]},{\"@type\":\"WebSite\",\"@id\":\"https:\\\/\\\/aveso.fi\\\/sv\\\/#website\",\"url\":\"https:\\\/\\\/aveso.fi\\\/sv\\\/\",\"name\":\"Aveso Oy\",\"description\":\"ERP-j\u00e4rjestelm\u00e4t, integraatiot ja tiedonhallintaratkaisut datavetoisille yrityksille\",\"publisher\":{\"@id\":\"https:\\\/\\\/aveso.fi\\\/sv\\\/#organization\"},\"potentialAction\":[{\"@type\":\"SearchAction\",\"target\":{\"@type\":\"EntryPoint\",\"urlTemplate\":\"https:\\\/\\\/aveso.fi\\\/sv\\\/?s={search_term_string}\"},\"query-input\":{\"@type\":\"PropertyValueSpecification\",\"valueRequired\":true,\"valueName\":\"search_term_string\"}}],\"inLanguage\":\"sv-SE\"},{\"@type\":\"Organization\",\"@id\":\"https:\\\/\\\/aveso.fi\\\/sv\\\/#organization\",\"name\":\"Aveso Oy\",\"url\":\"https:\\\/\\\/aveso.fi\\\/sv\\\/\",\"logo\":{\"@type\":\"ImageObject\",\"inLanguage\":\"sv-SE\",\"@id\":\"https:\\\/\\\/aveso.fi\\\/sv\\\/#\\\/schema\\\/logo\\\/image\\\/\",\"url\":\"https:\\\/\\\/aveso.fi\\\/app\\\/uploads\\\/2024\\\/05\\\/aveso-logo.png\",\"contentUrl\":\"https:\\\/\\\/aveso.fi\\\/app\\\/uploads\\\/2024\\\/05\\\/aveso-logo.png\",\"width\":1632,\"height\":552,\"caption\":\"Aveso Oy\"},\"image\":{\"@id\":\"https:\\\/\\\/aveso.fi\\\/sv\\\/#\\\/schema\\\/logo\\\/image\\\/\"},\"sameAs\":[\"https:\\\/\\\/www.linkedin.com\\\/company\\\/aveso-oy\\\/\"]}]}<\/script>\n<!-- \/ Yoast SEO plugin. -->","yoast_head_json":{"title":"Om Aveso - Aveso Oy","robots":{"index":"noindex","follow":"nofollow"},"og_locale":"sv_SE","og_type":"article","og_title":"Om Aveso - Aveso Oy","og_url":"https:\/\/aveso.fi\/sv\/om-aveso\/","og_site_name":"Aveso Oy","article_modified_time":"2026-03-03T11:58:24+00:00","og_image":[{"width":1024,"height":768,"url":"https:\/\/aveso.fi\/app\/uploads\/2024\/05\/8eda88ada4a0c66841d812a95a869d41-1-1024x768.png","type":"image\/png"}],"twitter_card":"summary_large_image","twitter_misc":{"Est. reading time":"1 minute"},"schema":{"@context":"https:\/\/schema.org","@graph":[{"@type":"WebPage","@id":"https:\/\/aveso.fi\/sv\/om-aveso\/","url":"https:\/\/aveso.fi\/sv\/om-aveso\/","name":"Om Aveso - Aveso Oy","isPartOf":{"@id":"https:\/\/aveso.fi\/sv\/#website"},"primaryImageOfPage":{"@id":"https:\/\/aveso.fi\/sv\/om-aveso\/#primaryimage"},"image":{"@id":"https:\/\/aveso.fi\/sv\/om-aveso\/#primaryimage"},"thumbnailUrl":"https:\/\/aveso.fi\/app\/uploads\/2024\/05\/8eda88ada4a0c66841d812a95a869d41-1.png","datePublished":"2024-06-11T07:13:21+00:00","dateModified":"2026-03-03T11:58:24+00:00","breadcrumb":{"@id":"https:\/\/aveso.fi\/sv\/om-aveso\/#breadcrumb"},"inLanguage":"sv-SE","potentialAction":[{"@type":"ReadAction","target":["https:\/\/aveso.fi\/sv\/om-aveso\/"]}]},{"@type":"ImageObject","inLanguage":"sv-SE","@id":"https:\/\/aveso.fi\/sv\/om-aveso\/#primaryimage","url":"https:\/\/aveso.fi\/app\/uploads\/2024\/05\/8eda88ada4a0c66841d812a95a869d41-1.png","contentUrl":"https:\/\/aveso.fi\/app\/uploads\/2024\/05\/8eda88ada4a0c66841d812a95a869d41-1.png","width":2048,"height":1536,"caption":"Aveso st\u00e4ndill\u00e4"},{"@type":"BreadcrumbList","@id":"https:\/\/aveso.fi\/sv\/om-aveso\/#breadcrumb","itemListElement":[{"@type":"ListItem","position":1,"name":"Etusivu","item":"https:\/\/aveso.fi\/sv\/framsida\/"},{"@type":"ListItem","position":2,"name":"Om Aveso"}]},{"@type":"WebSite","@id":"https:\/\/aveso.fi\/sv\/#website","url":"https:\/\/aveso.fi\/sv\/","name":"Aveso Oy","description":"ERP-j\u00e4rjestelm\u00e4t, integraatiot ja tiedonhallintaratkaisut datavetoisille yrityksille","publisher":{"@id":"https:\/\/aveso.fi\/sv\/#organization"},"potentialAction":[{"@type":"SearchAction","target":{"@type":"EntryPoint","urlTemplate":"https:\/\/aveso.fi\/sv\/?s={search_term_string}"},"query-input":{"@type":"PropertyValueSpecification","valueRequired":true,"valueName":"search_term_string"}}],"inLanguage":"sv-SE"},{"@type":"Organization","@id":"https:\/\/aveso.fi\/sv\/#organization","name":"Aveso Oy","url":"https:\/\/aveso.fi\/sv\/","logo":{"@type":"ImageObject","inLanguage":"sv-SE","@id":"https:\/\/aveso.fi\/sv\/#\/schema\/logo\/image\/","url":"https:\/\/aveso.fi\/app\/uploads\/2024\/05\/aveso-logo.png","contentUrl":"https:\/\/aveso.fi\/app\/uploads\/2024\/05\/aveso-logo.png","width":1632,"height":552,"caption":"Aveso Oy"},"image":{"@id":"https:\/\/aveso.fi\/sv\/#\/schema\/logo\/image\/"},"sameAs":["https:\/\/www.linkedin.com\/company\/aveso-oy\/"]}]}},"_links":{"self":[{"href":"https:\/\/aveso.fi\/sv\/wp-json\/wp\/v2\/pages\/1534","targetHints":{"allow":["GET"]}}],"collection":[{"href":"https:\/\/aveso.fi\/sv\/wp-json\/wp\/v2\/pages"}],"about":[{"href":"https:\/\/aveso.fi\/sv\/wp-json\/wp\/v2\/types\/page"}],"author":[{"embeddable":true,"href":"https:\/\/aveso.fi\/sv\/wp-json\/wp\/v2\/users\/4"}],"replies":[{"embeddable":true,"href":"https:\/\/aveso.fi\/sv\/wp-json\/wp\/v2\/comments?post=1534"}],"version-history":[{"count":2,"href":"https:\/\/aveso.fi\/sv\/wp-json\/wp\/v2\/pages\/1534\/revisions"}],"predecessor-version":[{"id":2042,"href":"https:\/\/aveso.fi\/sv\/wp-json\/wp\/v2\/pages\/1534\/revisions\/2042"}],"wp:featuredmedia":[{"embeddable":true,"href":"https:\/\/aveso.fi\/sv\/wp-json\/wp\/v2\/media\/431"}],"wp:attachment":[{"href":"https:\/\/aveso.fi\/sv\/wp-json\/wp\/v2\/media?parent=1534"}],"curies":[{"name":"wp","href":"https:\/\/api.w.org\/{rel}","templated":true}]}}