{"id":1536,"date":"2024-06-11T08:46:06","date_gmt":"2024-06-11T08:46:06","guid":{"rendered":"https:\/\/aveso.fi\/?page_id=1536"},"modified":"2026-03-03T11:59:05","modified_gmt":"2026-03-03T11:59:05","slug":"lediga-tjanster","status":"publish","type":"page","link":"https:\/\/aveso.fi\/sv\/om-aveso\/lediga-tjanster\/","title":{"rendered":"Lediga tj\u00e4nster"},"content":{"rendered":"<section class=\"align wp-block-page-banner blue hexagon \" style=\"\">\n  <div class=\"wrap wrap-large\">\n    <div class=\"background flex has-background\" style=\"background-image: url(https:\/\/aveso.fi\/app\/uploads\/2024\/06\/vesa-julius-fanni-web.webp)\">\n      <div class=\"flex-item six content\" style=\"background-image: url()\">\n          <h1>Lediga tj\u00e4nster<\/h1>\n<p>Vi \u00e4r ett tillv\u00e4xtf\u00f6retag och vi s\u00f6ker st\u00e4ndigt nya teammedlemmar p\u00e5 Aveso. Utforska v\u00e5rt f\u00f6retag och lediga jobb.<\/p>\n\n                              <div class=\"flex buttons \">\n                                              <a \n    class=\"button blue outline \" \n    href=\"https:\/\/aveso.fi\/sv\/kontaktinformation\/\"\n     \n>\n    <span>\n        Kontakta Oss\n    <\/span>\n<\/a>                                                              <a \n    class=\"button blue outline \" \n    href=\"https:\/\/aveso.fi\/sv\/om-aveso\/karriar-pa-aveso\/\"\n     \n>\n    <span>\n        Karri\u00e4r p\u00e5 Aveso\n    <\/span>\n<\/a>                                                              <a \n    class=\"button blue outline \" \n    href=\"https:\/\/aveso.fi\/sv\/om-aveso\/\"\n     \n>\n    <span>\n        Om Aveso\n    <\/span>\n<\/a>                                      <\/div>\n                <\/div>\n              <div class=\"flex-item six image-container\">\n          <div class=\"image hexagon-mask\">\n            <img decoding=\"async\" src=\"https:\/\/aveso.fi\/app\/uploads\/2024\/06\/ella-jan-es-web-768x513.webp\" >\n          <\/div>\n        <\/div>\n          <\/div>\n  <\/div>\n<\/section>\n\n\n<section class=\"align wp-block-text-block\" style=\"\">\n  <div class=\"wrap  flex elements\">\n          \n              <div class=\"flex-item six image-container blue_hexagon\">\n                      <div class=\"image border-radius original\">\n            <img decoding=\"async\" src=\"https:\/\/aveso.fi\/app\/uploads\/2024\/06\/team-aveso2.webp\" alt=\"\">\n          <\/div>\n                    <\/div>\n      \n      \n                \n      \n      \n              <div class=\"flex-item six content\">\n          <h2>Varf\u00f6r jobba p\u00e5 Aveso?<\/h2>\n<p>Vi \u00e4r ett avslappnat men \u00e4nd\u00e5 professionellt team som \u00e4r dedikerade till att uppr\u00e4tth\u00e5lla h\u00f6ga niv\u00e5er av b\u00e5de kund- och medarbetares n\u00f6jdhet. Det \u00e4r viktigt f\u00f6r oss att arbetsgl\u00e4dje, j\u00e4mlikhet och professionell utveckling uppfylls f\u00f6r var och en av v\u00e5ra anst\u00e4llda. L\u00e4s mer om hur en karri\u00e4r p\u00e5 Aveso ser ut.<\/p>\n\n                    <div class=\"has-btn \">\n            <a \n    class=\"button  outline \" \n    href=\"https:\/\/aveso.fi\/sv\/om-aveso\/karriar-pa-aveso\/\"\n     \n>\n    <span>\n        Karri\u00e4r p\u00e5 Aveso\n    <\/span>\n<\/a>          <\/div>\n                  <\/div>\n            <\/div>\n<\/section>\n\n\n<section class=\"align wp-block-jobs\" style=\"\">\n    <div class=\"wrap wrap-large\">\n        <div class=\"container\">\n            <div class=\"flex\">\n                <div class=\"flex-item six\">\n                    <div class=\"text\">\n                        <h2>Utforska v\u00e5ra lediga tj\u00e4nster<\/h2>\n<p>V\u00e5rt f\u00f6retag v\u00e4xer och vi s\u00f6ker nya Aveso-teammedlemmar. Kolla in listan \u00f6ver lediga jobb.<\/p>\n<h3>Skicka in en \u00f6ppen ans\u00f6kan<\/h3>\n<p>Om tj\u00e4nsten du s\u00f6ker inte finns med kan du skicka in en \u00f6ppen ans\u00f6kan och ditt CV via kontaktformul\u00e4ret nedan eller till mailadressen &#8220;rekry(a)aveso.fi&#8221;.<\/p>\n\n                    <\/div>\n                <\/div>\n                <div class=\"flex-item six\">\n                                            <div class=\"jobcontainer\">\n    <a href=\"https:\/\/aveso.fi\/sv\/?post_type=jobs&amp;p=1556\">\n        <div class=\"flex\">\n            <div class=\"flex-item\">\n                <div class=\"image\">\n                    <div class=\"image border-radius\">\n                            <img decoding=\"async\" src=\"https:\/\/aveso.fi\/app\/uploads\/2024\/06\/vesa-julius-fanni-web.webp\" alt=\"\" >\n            <\/div>\n                <\/div>\n            <\/div>\n            <div class=\"flex-item textcontainer nine\">\n                <h3> IFS ERP Consultant \/ Project Manager <\/h3>\n                <small>  <\/small>\n            <\/div>\n        <\/div>\n    <\/a>\n<\/div>\n                                    <\/div>\n            <\/div>\n        <\/div>\n    <\/div>\n<\/section>\n\n\n<section class=\"align is-style-light wp-block-contact-form\">\n    <div class=\"wrap wrap-large\">\n        <div class=\"content\">\n            <div class=\"text\">\n                <div class=\"textcontainer\">\n                    <h2> Skicka in en \u00f6ppen ans\u00f6kan <\/h2>\n                    <div>\n                        <p>\u00c4r du intresserad av att arbeta p\u00e5 Aveso men hittade ingen ledig tj\u00e4nst som matchar din \u00f6nskade roll? Ingen fara, vi v\u00e4lkomnar alltid ans\u00f6kningar till tj\u00e4nster som kanske inte har en aktiv platsannons just nu. Skicka g\u00e4rna in dina kontaktuppgifter, CV och l\u00e5t oss veta vilken tj\u00e4nst du \u00e4r intresserad av och varf\u00f6r du skulle passa bra som ny medlem i Aveso. Du kan skicka in din ans\u00f6kan antingen via kontaktformul\u00e4ret nedan eller direkt till &#8220;rekry(a)aveso.fi&#8221; e-postadress.<\/p>\n\n                    <\/div>\n\n                    <div class=\"contact-information\">\n                                            <div>\n                            <a href=\"mailto:rekry@aveso.fi\">\n                                <span class=\"icon\">\n                                    <i class=\"fa-solid fa-envelope\"><\/i>\n                                <\/span>\n                                rekry@aveso.fi\n                            <\/a>\n                        <\/div>\n                                <\/div>\n                <\/div>\n            <\/div>\n            <p class=\"wpcf7-contact-form-not-found\"><strong>Error:<\/strong> Contact form not found.<\/p>\n        <\/div>\n    <\/div>\n<\/section>\n","protected":false},"excerpt":{"rendered":"","protected":false},"author":4,"featured_media":821,"parent":1534,"menu_order":0,"comment_status":"closed","ping_status":"closed","template":"","meta":{"_acf_changed":false,"footnotes":""},"class_list":["post-1536","page","type-page","status-publish","has-post-thumbnail","hentry"],"acf":[],"yoast_head":"<!-- This site is optimized with the Yoast SEO plugin v27.5 - https:\/\/yoast.com\/product\/yoast-seo-wordpress\/ -->\n<title>Lediga tj\u00e4nster - Aveso Oy<\/title>\n<meta name=\"robots\" content=\"noindex, nofollow\" \/>\n<meta property=\"og:locale\" content=\"sv_SE\" \/>\n<meta property=\"og:type\" content=\"article\" \/>\n<meta property=\"og:title\" content=\"Lediga tj\u00e4nster - Aveso Oy\" \/>\n<meta property=\"og:url\" content=\"https:\/\/aveso.fi\/sv\/om-aveso\/lediga-tjanster\/\" \/>\n<meta property=\"og:site_name\" content=\"Aveso Oy\" \/>\n<meta property=\"article:modified_time\" content=\"2026-03-03T11:59:05+00:00\" \/>\n<meta property=\"og:image\" content=\"https:\/\/aveso.fi\/app\/uploads\/2024\/06\/ella-jan-es-web.webp\" \/>\n\t<meta property=\"og:image:width\" content=\"896\" \/>\n\t<meta property=\"og:image:height\" content=\"598\" \/>\n\t<meta property=\"og:image:type\" content=\"image\/webp\" \/>\n<meta name=\"twitter:card\" content=\"summary_large_image\" \/>\n<meta name=\"twitter:label1\" content=\"Est. reading time\" \/>\n\t<meta name=\"twitter:data1\" content=\"1 minute\" \/>\n<script type=\"application\/ld+json\" class=\"yoast-schema-graph\">{\"@context\":\"https:\\\/\\\/schema.org\",\"@graph\":[{\"@type\":\"WebPage\",\"@id\":\"https:\\\/\\\/aveso.fi\\\/sv\\\/om-aveso\\\/lediga-tjanster\\\/\",\"url\":\"https:\\\/\\\/aveso.fi\\\/sv\\\/om-aveso\\\/lediga-tjanster\\\/\",\"name\":\"Lediga tj\u00e4nster - Aveso Oy\",\"isPartOf\":{\"@id\":\"https:\\\/\\\/aveso.fi\\\/sv\\\/#website\"},\"primaryImageOfPage\":{\"@id\":\"https:\\\/\\\/aveso.fi\\\/sv\\\/om-aveso\\\/lediga-tjanster\\\/#primaryimage\"},\"image\":{\"@id\":\"https:\\\/\\\/aveso.fi\\\/sv\\\/om-aveso\\\/lediga-tjanster\\\/#primaryimage\"},\"thumbnailUrl\":\"https:\\\/\\\/aveso.fi\\\/app\\\/uploads\\\/2024\\\/06\\\/ella-jan-es-web.webp\",\"datePublished\":\"2024-06-11T08:46:06+00:00\",\"dateModified\":\"2026-03-03T11:59:05+00:00\",\"breadcrumb\":{\"@id\":\"https:\\\/\\\/aveso.fi\\\/sv\\\/om-aveso\\\/lediga-tjanster\\\/#breadcrumb\"},\"inLanguage\":\"sv-SE\",\"potentialAction\":[{\"@type\":\"ReadAction\",\"target\":[\"https:\\\/\\\/aveso.fi\\\/sv\\\/om-aveso\\\/lediga-tjanster\\\/\"]}]},{\"@type\":\"ImageObject\",\"inLanguage\":\"sv-SE\",\"@id\":\"https:\\\/\\\/aveso.fi\\\/sv\\\/om-aveso\\\/lediga-tjanster\\\/#primaryimage\",\"url\":\"https:\\\/\\\/aveso.fi\\\/app\\\/uploads\\\/2024\\\/06\\\/ella-jan-es-web.webp\",\"contentUrl\":\"https:\\\/\\\/aveso.fi\\\/app\\\/uploads\\\/2024\\\/06\\\/ella-jan-es-web.webp\",\"width\":896,\"height\":598,\"caption\":\"Aveso ty\u00f6ntekij\u00e4t\"},{\"@type\":\"BreadcrumbList\",\"@id\":\"https:\\\/\\\/aveso.fi\\\/sv\\\/om-aveso\\\/lediga-tjanster\\\/#breadcrumb\",\"itemListElement\":[{\"@type\":\"ListItem\",\"position\":1,\"name\":\"Etusivu\",\"item\":\"https:\\\/\\\/aveso.fi\\\/sv\\\/framsida\\\/\"},{\"@type\":\"ListItem\",\"position\":2,\"name\":\"Om Aveso\",\"item\":\"https:\\\/\\\/aveso.fi\\\/sv\\\/om-aveso\\\/\"},{\"@type\":\"ListItem\",\"position\":3,\"name\":\"Lediga tj\u00e4nster\"}]},{\"@type\":\"WebSite\",\"@id\":\"https:\\\/\\\/aveso.fi\\\/sv\\\/#website\",\"url\":\"https:\\\/\\\/aveso.fi\\\/sv\\\/\",\"name\":\"Aveso Oy\",\"description\":\"ERP-j\u00e4rjestelm\u00e4t, integraatiot ja tiedonhallintaratkaisut datavetoisille yrityksille\",\"publisher\":{\"@id\":\"https:\\\/\\\/aveso.fi\\\/sv\\\/#organization\"},\"potentialAction\":[{\"@type\":\"SearchAction\",\"target\":{\"@type\":\"EntryPoint\",\"urlTemplate\":\"https:\\\/\\\/aveso.fi\\\/sv\\\/?s={search_term_string}\"},\"query-input\":{\"@type\":\"PropertyValueSpecification\",\"valueRequired\":true,\"valueName\":\"search_term_string\"}}],\"inLanguage\":\"sv-SE\"},{\"@type\":\"Organization\",\"@id\":\"https:\\\/\\\/aveso.fi\\\/sv\\\/#organization\",\"name\":\"Aveso Oy\",\"url\":\"https:\\\/\\\/aveso.fi\\\/sv\\\/\",\"logo\":{\"@type\":\"ImageObject\",\"inLanguage\":\"sv-SE\",\"@id\":\"https:\\\/\\\/aveso.fi\\\/sv\\\/#\\\/schema\\\/logo\\\/image\\\/\",\"url\":\"https:\\\/\\\/aveso.fi\\\/app\\\/uploads\\\/2024\\\/05\\\/aveso-logo.png\",\"contentUrl\":\"https:\\\/\\\/aveso.fi\\\/app\\\/uploads\\\/2024\\\/05\\\/aveso-logo.png\",\"width\":1632,\"height\":552,\"caption\":\"Aveso Oy\"},\"image\":{\"@id\":\"https:\\\/\\\/aveso.fi\\\/sv\\\/#\\\/schema\\\/logo\\\/image\\\/\"},\"sameAs\":[\"https:\\\/\\\/www.linkedin.com\\\/company\\\/aveso-oy\\\/\"]}]}<\/script>\n<!-- \/ Yoast SEO plugin. -->","yoast_head_json":{"title":"Lediga tj\u00e4nster - Aveso Oy","robots":{"index":"noindex","follow":"nofollow"},"og_locale":"sv_SE","og_type":"article","og_title":"Lediga tj\u00e4nster - Aveso Oy","og_url":"https:\/\/aveso.fi\/sv\/om-aveso\/lediga-tjanster\/","og_site_name":"Aveso Oy","article_modified_time":"2026-03-03T11:59:05+00:00","og_image":[{"width":896,"height":598,"url":"https:\/\/aveso.fi\/app\/uploads\/2024\/06\/ella-jan-es-web.webp","type":"image\/webp"}],"twitter_card":"summary_large_image","twitter_misc":{"Est. reading time":"1 minute"},"schema":{"@context":"https:\/\/schema.org","@graph":[{"@type":"WebPage","@id":"https:\/\/aveso.fi\/sv\/om-aveso\/lediga-tjanster\/","url":"https:\/\/aveso.fi\/sv\/om-aveso\/lediga-tjanster\/","name":"Lediga tj\u00e4nster - Aveso Oy","isPartOf":{"@id":"https:\/\/aveso.fi\/sv\/#website"},"primaryImageOfPage":{"@id":"https:\/\/aveso.fi\/sv\/om-aveso\/lediga-tjanster\/#primaryimage"},"image":{"@id":"https:\/\/aveso.fi\/sv\/om-aveso\/lediga-tjanster\/#primaryimage"},"thumbnailUrl":"https:\/\/aveso.fi\/app\/uploads\/2024\/06\/ella-jan-es-web.webp","datePublished":"2024-06-11T08:46:06+00:00","dateModified":"2026-03-03T11:59:05+00:00","breadcrumb":{"@id":"https:\/\/aveso.fi\/sv\/om-aveso\/lediga-tjanster\/#breadcrumb"},"inLanguage":"sv-SE","potentialAction":[{"@type":"ReadAction","target":["https:\/\/aveso.fi\/sv\/om-aveso\/lediga-tjanster\/"]}]},{"@type":"ImageObject","inLanguage":"sv-SE","@id":"https:\/\/aveso.fi\/sv\/om-aveso\/lediga-tjanster\/#primaryimage","url":"https:\/\/aveso.fi\/app\/uploads\/2024\/06\/ella-jan-es-web.webp","contentUrl":"https:\/\/aveso.fi\/app\/uploads\/2024\/06\/ella-jan-es-web.webp","width":896,"height":598,"caption":"Aveso ty\u00f6ntekij\u00e4t"},{"@type":"BreadcrumbList","@id":"https:\/\/aveso.fi\/sv\/om-aveso\/lediga-tjanster\/#breadcrumb","itemListElement":[{"@type":"ListItem","position":1,"name":"Etusivu","item":"https:\/\/aveso.fi\/sv\/framsida\/"},{"@type":"ListItem","position":2,"name":"Om Aveso","item":"https:\/\/aveso.fi\/sv\/om-aveso\/"},{"@type":"ListItem","position":3,"name":"Lediga tj\u00e4nster"}]},{"@type":"WebSite","@id":"https:\/\/aveso.fi\/sv\/#website","url":"https:\/\/aveso.fi\/sv\/","name":"Aveso Oy","description":"ERP-j\u00e4rjestelm\u00e4t, integraatiot ja tiedonhallintaratkaisut datavetoisille yrityksille","publisher":{"@id":"https:\/\/aveso.fi\/sv\/#organization"},"potentialAction":[{"@type":"SearchAction","target":{"@type":"EntryPoint","urlTemplate":"https:\/\/aveso.fi\/sv\/?s={search_term_string}"},"query-input":{"@type":"PropertyValueSpecification","valueRequired":true,"valueName":"search_term_string"}}],"inLanguage":"sv-SE"},{"@type":"Organization","@id":"https:\/\/aveso.fi\/sv\/#organization","name":"Aveso Oy","url":"https:\/\/aveso.fi\/sv\/","logo":{"@type":"ImageObject","inLanguage":"sv-SE","@id":"https:\/\/aveso.fi\/sv\/#\/schema\/logo\/image\/","url":"https:\/\/aveso.fi\/app\/uploads\/2024\/05\/aveso-logo.png","contentUrl":"https:\/\/aveso.fi\/app\/uploads\/2024\/05\/aveso-logo.png","width":1632,"height":552,"caption":"Aveso Oy"},"image":{"@id":"https:\/\/aveso.fi\/sv\/#\/schema\/logo\/image\/"},"sameAs":["https:\/\/www.linkedin.com\/company\/aveso-oy\/"]}]}},"_links":{"self":[{"href":"https:\/\/aveso.fi\/sv\/wp-json\/wp\/v2\/pages\/1536","targetHints":{"allow":["GET"]}}],"collection":[{"href":"https:\/\/aveso.fi\/sv\/wp-json\/wp\/v2\/pages"}],"about":[{"href":"https:\/\/aveso.fi\/sv\/wp-json\/wp\/v2\/types\/page"}],"author":[{"embeddable":true,"href":"https:\/\/aveso.fi\/sv\/wp-json\/wp\/v2\/users\/4"}],"replies":[{"embeddable":true,"href":"https:\/\/aveso.fi\/sv\/wp-json\/wp\/v2\/comments?post=1536"}],"version-history":[{"count":3,"href":"https:\/\/aveso.fi\/sv\/wp-json\/wp\/v2\/pages\/1536\/revisions"}],"predecessor-version":[{"id":2030,"href":"https:\/\/aveso.fi\/sv\/wp-json\/wp\/v2\/pages\/1536\/revisions\/2030"}],"up":[{"embeddable":true,"href":"https:\/\/aveso.fi\/sv\/wp-json\/wp\/v2\/pages\/1534"}],"wp:featuredmedia":[{"embeddable":true,"href":"https:\/\/aveso.fi\/sv\/wp-json\/wp\/v2\/media\/821"}],"wp:attachment":[{"href":"https:\/\/aveso.fi\/sv\/wp-json\/wp\/v2\/media?parent=1536"}],"curies":[{"name":"wp","href":"https:\/\/api.w.org\/{rel}","templated":true}]}}